{"id":3592,"date":"2025-12-20T11:04:34","date_gmt":"2025-12-20T14:04:34","guid":{"rendered":"https:\/\/hygiebox.com.br\/?page_id=3592"},"modified":"2026-04-18T06:26:46","modified_gmt":"2026-04-18T09:26:46","slug":"seja-um-parceiro","status":"publish","type":"page","link":"https:\/\/hygiebox.com.br\/es\/seja-um-parceiro\/","title":{"rendered":"Sea Distribuidor"},"content":{"rendered":"<div data-elementor-type=\"wp-page\" data-elementor-id=\"3592\" class=\"elementor elementor-3592\" data-elementor-settings=\"{&quot;ha_cmc_init_switcher&quot;:&quot;no&quot;,&quot;element_pack_global_tooltip_width&quot;:{&quot;unit&quot;:&quot;px&quot;,&quot;size&quot;:&quot;&quot;,&quot;sizes&quot;:[]},&quot;element_pack_global_tooltip_width_tablet&quot;:{&quot;unit&quot;:&quot;px&quot;,&quot;size&quot;:&quot;&quot;,&quot;sizes&quot;:[]},&quot;element_pack_global_tooltip_width_mobile&quot;:{&quot;unit&quot;:&quot;px&quot;,&quot;size&quot;:&quot;&quot;,&quot;sizes&quot;:[]},&quot;element_pack_global_tooltip_padding&quot;:{&quot;unit&quot;:&quot;px&quot;,&quot;top&quot;:&quot;&quot;,&quot;right&quot;:&quot;&quot;,&quot;bottom&quot;:&quot;&quot;,&quot;left&quot;:&quot;&quot;,&quot;isLinked&quot;:true},&quot;element_pack_global_tooltip_padding_tablet&quot;:{&quot;unit&quot;:&quot;px&quot;,&quot;top&quot;:&quot;&quot;,&quot;right&quot;:&quot;&quot;,&quot;bottom&quot;:&quot;&quot;,&quot;left&quot;:&quot;&quot;,&quot;isLinked&quot;:true},&quot;element_pack_global_tooltip_padding_mobile&quot;:{&quot;unit&quot;:&quot;px&quot;,&quot;top&quot;:&quot;&quot;,&quot;right&quot;:&quot;&quot;,&quot;bottom&quot;:&quot;&quot;,&quot;left&quot;:&quot;&quot;,&quot;isLinked&quot;:true},&quot;element_pack_global_tooltip_border_radius&quot;:{&quot;unit&quot;:&quot;px&quot;,&quot;top&quot;:&quot;&quot;,&quot;right&quot;:&quot;&quot;,&quot;bottom&quot;:&quot;&quot;,&quot;left&quot;:&quot;&quot;,&quot;isLinked&quot;:true},&quot;element_pack_global_tooltip_border_radius_tablet&quot;:{&quot;unit&quot;:&quot;px&quot;,&quot;top&quot;:&quot;&quot;,&quot;right&quot;:&quot;&quot;,&quot;bottom&quot;:&quot;&quot;,&quot;left&quot;:&quot;&quot;,&quot;isLinked&quot;:true},&quot;element_pack_global_tooltip_border_radius_mobile&quot;:{&quot;unit&quot;:&quot;px&quot;,&quot;top&quot;:&quot;&quot;,&quot;right&quot;:&quot;&quot;,&quot;bottom&quot;:&quot;&quot;,&quot;left&quot;:&quot;&quot;,&quot;isLinked&quot;:true}}\" data-elementor-post-type=\"page\">\n\t\t\t\t\t\t<section class=\"elementor-section elementor-top-section elementor-element elementor-element-84d888f elementor-section-boxed elementor-section-height-default elementor-section-height-default\" data-id=\"84d888f\" data-element_type=\"section\" data-settings=\"{&quot;_ha_eqh_enable&quot;:false}\">\n\t\t\t\t\t\t<div class=\"elementor-container elementor-column-gap-default\">\n\t\t\t\t\t<div class=\"elementor-column elementor-col-100 elementor-top-column elementor-element elementor-element-55111b3\" data-id=\"55111b3\" data-element_type=\"column\">\n\t\t\t<div class=\"elementor-widget-wrap\">\n\t\t\t\t\t\t\t<\/div>\n\t\t<\/div>\n\t\t\t\t\t<\/div>\n\t\t<\/section>\n\t\t\t\t<section class=\"elementor-section elementor-top-section elementor-element elementor-element-fbf821e elementor-section-boxed elementor-section-height-default elementor-section-height-default elementor-invisible\" data-id=\"fbf821e\" data-element_type=\"section\" data-settings=\"{&quot;background_background&quot;:&quot;classic&quot;,&quot;shape_divider_top&quot;:&quot;multi-wave&quot;,&quot;animation&quot;:&quot;fadeInDown&quot;,&quot;_ha_eqh_enable&quot;:false}\">\n\t\t\t\t\t<div class=\"elementor-shape elementor-shape-top\" aria-hidden=\"true\" data-negative=\"false\">\n\t\t\t<svg xmlns=\"http:\/\/www.w3.org\/2000\/svg\" viewbox=\"0 0 4080 400\" preserveaspectratio=\"none\">\r\n<path class=\"elementor-shape-fill ha-shape-divider\" opacity=\"0.2\" enable-background=\"new    \" d=\"M4080,79.3V0L1179.4,0v79.3c0,0,694.9,437.4,1471.3,275.6\tS3575.7-152.5,4080,79.3z\"\/>\r\n<path class=\"elementor-shape-fill ha-shape-divider\" opacity=\"0.2\" enable-background=\"new    \" d=\"M2249,79.3V0L0,0l0,79.3c0,0,43.3,437.4,819.8,275.6S1744.7-152.5,2249,79.3z\"\/>\r\n<path class=\"elementor-shape-fill ha-shape-divider\" opacity=\"0.2\" enable-background=\"new    \" d=\"M2631.6,49.8c0,0-596.3,547.3-1468.8,230.2S0,95.6,0,95.6L0,0l2631.6,0V49.8z\"\/>\r\n<path class=\"elementor-shape-fill ha-shape-divider\" opacity=\"0.2\" enable-background=\"new    \" d=\"M4080,95.6c0,0-428.4,501.5-1208.9,184.4S1831,95.6,1831,95.6V0l2249,0V95.6z\"\/>\r\n<path class=\"elementor-shape-fill ha-shape-divider\" d=\"M4080,0v192.6c-392.4,177-703.2,95.6-1075-34.1c-214.6-74.8-508-126-839.1,6.1c-149.2,59.5-447.2,203.4-1026.2,10.8\tC313.2-99.5,0,95.6,0,95.6L0,0l2249,0L4080,0z\"\/>\r\n<\/svg>\r\n\t\t<\/div>\n\t\t\t\t\t<div class=\"elementor-container elementor-column-gap-default\">\n\t\t\t\t\t<div class=\"elementor-column elementor-col-50 elementor-top-column elementor-element elementor-element-dfae165\" data-id=\"dfae165\" data-element_type=\"column\">\n\t\t\t<div class=\"elementor-widget-wrap elementor-element-populated\">\n\t\t\t\t\t\t<div class=\"elementor-element elementor-element-5c94ddf elementor-widget elementor-widget-image\" data-id=\"5c94ddf\" data-element_type=\"widget\" data-widget_type=\"image.default\">\n\t\t\t\t\t\t\t\t\t\t\t\t\t\t\t<img fetchpriority=\"high\" decoding=\"async\" width=\"800\" height=\"800\" src=\"https:\/\/hygiebox.com.br\/wp-content\/uploads\/2025\/12\/carlos-hb.png\" class=\"attachment-large size-large wp-image-3617\" alt=\"\" srcset=\"https:\/\/hygiebox.com.br\/wp-content\/uploads\/2025\/12\/carlos-hb.png 800w, https:\/\/hygiebox.com.br\/wp-content\/uploads\/2025\/12\/carlos-hb-300x300.png 300w, https:\/\/hygiebox.com.br\/wp-content\/uploads\/2025\/12\/carlos-hb-150x150.png 150w, https:\/\/hygiebox.com.br\/wp-content\/uploads\/2025\/12\/carlos-hb-768x768.png 768w\" sizes=\"(max-width: 800px) 100vw, 800px\" \/>\t\t\t\t\t\t\t\t\t\t\t\t\t\t\t<\/div>\n\t\t\t\t\t<\/div>\n\t\t<\/div>\n\t\t\t\t<div class=\"elementor-column elementor-col-50 elementor-top-column elementor-element elementor-element-a7b0736\" data-id=\"a7b0736\" data-element_type=\"column\">\n\t\t\t<div class=\"elementor-widget-wrap elementor-element-populated\">\n\t\t\t\t\t\t<div class=\"elementor-element elementor-element-3cefbd7 elementor-widget elementor-widget-text-editor\" data-id=\"3cefbd7\" data-element_type=\"widget\" data-widget_type=\"text-editor.default\">\n\t\t\t\t\t\t\t\t\t<p>Cualquiera que conozca a los amantes de los gatos lo sabe: sus altos est\u00e1ndares solo son superados por su lealtad hacia quienes ofrecen calidad. En Cattus, nos enorgullece mantener una red de socios con tasas de recompra superiores al 90%, gracias a la confianza absoluta que este p\u00fablico deposita en nuestros productos. Nuestra arena para gatos Yellow es el motor que garantiza una r\u00e1pida rotaci\u00f3n y un flujo constante de clientes en su tienda cada mes, mientras que Hygie Box consolida esta experiencia con un producto muy superior a las cajas de arena tradicionales, mejorando su punto de venta y aumentando su precio promedio.<\/p><p>Priorizamos el crecimiento junto con peque\u00f1as y medianas empresas a trav\u00e9s de una colaboraci\u00f3n cuidadosamente seleccionada, donde respetamos el mercado local y la zona de operaci\u00f3n para evitar la saturaci\u00f3n y asegurar el \u00e9xito de su inversi\u00f3n. Adem\u00e1s, me esfuerzo por estar cerca: como veterinaria y desarrolladora de Hygie Box, ofrezco el apoyo necesario para capacitar a su equipo, compartiendo mis conocimientos como amante de los gatos para que sepan exactamente c\u00f3mo deleitar a cada cliente que entra en la tienda.<\/p><p>\u00bfCrecemos juntos? Haz clic en el bot\u00f3n de abajo para enviarnos un correo electr\u00f3nico. Te prometemos una conversaci\u00f3n directa, sin burocracia y sin involucrarte en los embudos de ventas.<\/p>\t\t\t\t\t\t\t\t<\/div>\n\t\t\t\t\t<\/div>\n\t\t<\/div>\n\t\t\t\t\t<\/div>\n\t\t<\/section>\n\t\t\t\t<section class=\"elementor-section elementor-top-section elementor-element elementor-element-b0eccb2 elementor-section-boxed elementor-section-height-default elementor-section-height-default\" data-id=\"b0eccb2\" data-element_type=\"section\" data-settings=\"{&quot;background_background&quot;:&quot;classic&quot;,&quot;_ha_eqh_enable&quot;:false}\">\n\t\t\t\t\t\t<div class=\"elementor-container elementor-column-gap-default\">\n\t\t\t\t\t<div class=\"elementor-column elementor-col-20 elementor-top-column elementor-element elementor-element-4c42b3b\" data-id=\"4c42b3b\" data-element_type=\"column\">\n\t\t\t<div class=\"elementor-widget-wrap elementor-element-populated\">\n\t\t\t\t\t\t<div class=\"elementor-element elementor-element-431def3 elementor-widget elementor-widget-image\" data-id=\"431def3\" data-element_type=\"widget\" data-widget_type=\"image.default\">\n\t\t\t\t\t\t\t\t\t\t\t\t\t\t\t<img decoding=\"async\" width=\"256\" height=\"93\" src=\"https:\/\/hygiebox.com.br\/wp-content\/uploads\/2025\/12\/logo-yellow.png\" class=\"attachment-large size-large wp-image-3814\" alt=\"\" \/>\t\t\t\t\t\t\t\t\t\t\t\t\t\t\t<\/div>\n\t\t\t\t\t<\/div>\n\t\t<\/div>\n\t\t\t\t<div class=\"elementor-column elementor-col-20 elementor-top-column elementor-element elementor-element-7996595\" data-id=\"7996595\" data-element_type=\"column\">\n\t\t\t<div class=\"elementor-widget-wrap elementor-element-populated\">\n\t\t\t\t\t\t<div class=\"elementor-element elementor-element-7ab4bf3 elementor-widget elementor-widget-image\" data-id=\"7ab4bf3\" data-element_type=\"widget\" data-widget_type=\"image.default\">\n\t\t\t\t\t\t\t\t\t\t\t\t\t\t\t<img decoding=\"async\" width=\"171\" height=\"65\" src=\"https:\/\/hygiebox.com.br\/wp-content\/uploads\/2025\/12\/logobio2.png\" class=\"attachment-large size-large wp-image-3965\" alt=\"\" \/>\t\t\t\t\t\t\t\t\t\t\t\t\t\t\t<\/div>\n\t\t\t\t\t<\/div>\n\t\t<\/div>\n\t\t\t\t<div class=\"elementor-column elementor-col-20 elementor-top-column elementor-element elementor-element-013f78f\" data-id=\"013f78f\" data-element_type=\"column\">\n\t\t\t<div class=\"elementor-widget-wrap elementor-element-populated\">\n\t\t\t\t\t\t<div class=\"elementor-element elementor-element-578b1db elementor-widget elementor-widget-image\" data-id=\"578b1db\" data-element_type=\"widget\" data-widget_type=\"image.default\">\n\t\t\t\t\t\t\t\t\t\t\t\t\t\t\t<img loading=\"lazy\" decoding=\"async\" width=\"256\" height=\"93\" src=\"https:\/\/hygiebox.com.br\/wp-content\/uploads\/2025\/12\/logo-pazinha.png\" class=\"attachment-large size-large wp-image-3812\" alt=\"\" \/>\t\t\t\t\t\t\t\t\t\t\t\t\t\t\t<\/div>\n\t\t\t\t\t<\/div>\n\t\t<\/div>\n\t\t\t\t<div class=\"elementor-column elementor-col-20 elementor-top-column elementor-element elementor-element-ff13b3e\" data-id=\"ff13b3e\" data-element_type=\"column\">\n\t\t\t<div class=\"elementor-widget-wrap elementor-element-populated\">\n\t\t\t\t\t\t<div class=\"elementor-element elementor-element-5e9c1b6 elementor-widget elementor-widget-image\" data-id=\"5e9c1b6\" data-element_type=\"widget\" data-widget_type=\"image.default\">\n\t\t\t\t\t\t\t\t\t\t\t\t\t\t\t<img loading=\"lazy\" decoding=\"async\" width=\"525\" height=\"136\" src=\"https:\/\/hygiebox.com.br\/wp-content\/uploads\/2026\/04\/raizok.png\" class=\"attachment-large size-large wp-image-4894\" alt=\"\" srcset=\"https:\/\/hygiebox.com.br\/wp-content\/uploads\/2026\/04\/raizok.png 525w, https:\/\/hygiebox.com.br\/wp-content\/uploads\/2026\/04\/raizok-300x78.png 300w, https:\/\/hygiebox.com.br\/wp-content\/uploads\/2026\/04\/raizok-18x5.png 18w\" sizes=\"(max-width: 525px) 100vw, 525px\" \/>\t\t\t\t\t\t\t\t\t\t\t\t\t\t\t<\/div>\n\t\t\t\t\t<\/div>\n\t\t<\/div>\n\t\t\t\t<div class=\"elementor-column elementor-col-20 elementor-top-column elementor-element elementor-element-3a8131e\" data-id=\"3a8131e\" data-element_type=\"column\">\n\t\t\t<div class=\"elementor-widget-wrap elementor-element-populated\">\n\t\t\t\t\t\t<div class=\"elementor-element elementor-element-74ee27f elementor-widget elementor-widget-image\" data-id=\"74ee27f\" data-element_type=\"widget\" data-widget_type=\"image.default\">\n\t\t\t\t\t\t\t\t\t\t\t\t\t\t\t<img loading=\"lazy\" decoding=\"async\" width=\"828\" height=\"246\" src=\"https:\/\/hygiebox.com.br\/wp-content\/uploads\/2026\/04\/logo.hb_.celeste.png\" class=\"attachment-large size-large wp-image-4892\" alt=\"\" srcset=\"https:\/\/hygiebox.com.br\/wp-content\/uploads\/2026\/04\/logo.hb_.celeste.png 828w, https:\/\/hygiebox.com.br\/wp-content\/uploads\/2026\/04\/logo.hb_.celeste-300x89.png 300w, https:\/\/hygiebox.com.br\/wp-content\/uploads\/2026\/04\/logo.hb_.celeste-768x228.png 768w, https:\/\/hygiebox.com.br\/wp-content\/uploads\/2026\/04\/logo.hb_.celeste-18x5.png 18w\" sizes=\"(max-width: 828px) 100vw, 828px\" \/>\t\t\t\t\t\t\t\t\t\t\t\t\t\t\t<\/div>\n\t\t\t\t\t<\/div>\n\t\t<\/div>\n\t\t\t\t\t<\/div>\n\t\t<\/section>\n\t\t\t\t<section class=\"elementor-section elementor-top-section elementor-element elementor-element-9685461 elementor-section-boxed elementor-section-height-default elementor-section-height-default\" data-id=\"9685461\" data-element_type=\"section\" data-settings=\"{&quot;background_background&quot;:&quot;classic&quot;,&quot;_ha_eqh_enable&quot;:false}\">\n\t\t\t\t\t\t<div class=\"elementor-container elementor-column-gap-default\">\n\t\t\t\t\t<div class=\"elementor-column elementor-col-100 elementor-top-column elementor-element elementor-element-00ecabf\" data-id=\"00ecabf\" data-element_type=\"column\">\n\t\t\t<div class=\"elementor-widget-wrap elementor-element-populated\">\n\t\t\t\t\t\t<section class=\"elementor-section elementor-inner-section elementor-element elementor-element-3dd8830 elementor-section-boxed elementor-section-height-default elementor-section-height-default\" data-id=\"3dd8830\" data-element_type=\"section\" data-settings=\"{&quot;_ha_eqh_enable&quot;:false}\">\n\t\t\t\t\t\t<div class=\"elementor-container elementor-column-gap-default\">\n\t\t\t\t\t<div class=\"elementor-column elementor-col-100 elementor-inner-column elementor-element elementor-element-1545e5e\" data-id=\"1545e5e\" data-element_type=\"column\">\n\t\t\t<div class=\"elementor-widget-wrap elementor-element-populated\">\n\t\t\t\t\t\t<div class=\"elementor-element elementor-element-bd73d13 elementor-align-center elementor-widget elementor-widget-button\" data-id=\"bd73d13\" data-element_type=\"widget\" data-widget_type=\"button.default\">\n\t\t\t\t\t\t\t\t\t\t<a class=\"elementor-button elementor-button-link elementor-size-sm\" href=\"mailto:ventas@emporiotrade.com.py\" target=\"_blank\">\n\t\t\t\t\t\t<span class=\"elementor-button-content-wrapper\">\n\t\t\t\t\t\t\t\t\t<span class=\"elementor-button-text\">Quiero revender la Hygie Box.<\/span>\n\t\t\t\t\t<\/span>\n\t\t\t\t\t<\/a>\n\t\t\t\t\t\t\t\t<\/div>\n\t\t\t\t\t<\/div>\n\t\t<\/div>\n\t\t\t\t\t<\/div>\n\t\t<\/section>\n\t\t\t\t\t<\/div>\n\t\t<\/div>\n\t\t\t\t\t<\/div>\n\t\t<\/section>\n\t\t\t\t<section class=\"elementor-section elementor-top-section elementor-element elementor-element-01289ac elementor-section-boxed elementor-section-height-default elementor-section-height-default\" data-id=\"01289ac\" data-element_type=\"section\" data-settings=\"{&quot;background_background&quot;:&quot;classic&quot;,&quot;_ha_eqh_enable&quot;:false}\">\n\t\t\t\t\t\t<div class=\"elementor-container elementor-column-gap-default\">\n\t\t\t\t\t<div class=\"elementor-column elementor-col-100 elementor-top-column elementor-element elementor-element-cab49e6\" data-id=\"cab49e6\" data-element_type=\"column\">\n\t\t\t<div class=\"elementor-widget-wrap elementor-element-populated\">\n\t\t\t\t\t\t<div class=\"elementor-element elementor-element-9c8230f elementor-widget elementor-widget-spacer\" data-id=\"9c8230f\" data-element_type=\"widget\" data-widget_type=\"spacer.default\">\n\t\t\t\t\t\t\t<div class=\"elementor-spacer\">\n\t\t\t<div class=\"elementor-spacer-inner\"><\/div>\n\t\t<\/div>\n\t\t\t\t\t\t<\/div>\n\t\t\t\t\t<\/div>\n\t\t<\/div>\n\t\t\t\t\t<\/div>\n\t\t<\/section>\n\t\t\t\t<\/div>","protected":false},"excerpt":{"rendered":"<p>Quem conhece as gateiras sabe: o alto n\u00edvel de exig\u00eancia delas s\u00f3 \u00e9 superado pela sua fidelidade a quem entrega qualidade. Na Cattus, temos orgulho de manter uma rede de parceiros com recompra acima de 90%, fruto da confian\u00e7a absoluta desse p\u00fablico em nossos produtos. A nossa areia Yellow \u00e9 o motor que garante o [&hellip;]<\/p>","protected":false},"author":2,"featured_media":0,"parent":0,"menu_order":0,"comment_status":"closed","ping_status":"closed","template":"elementor_header_footer","meta":{"footnotes":""},"class_list":["post-3592","page","type-page","status-publish","hentry"],"_links":{"self":[{"href":"https:\/\/hygiebox.com.br\/es\/wp-json\/wp\/v2\/pages\/3592","targetHints":{"allow":["GET"]}}],"collection":[{"href":"https:\/\/hygiebox.com.br\/es\/wp-json\/wp\/v2\/pages"}],"about":[{"href":"https:\/\/hygiebox.com.br\/es\/wp-json\/wp\/v2\/types\/page"}],"author":[{"embeddable":true,"href":"https:\/\/hygiebox.com.br\/es\/wp-json\/wp\/v2\/users\/2"}],"replies":[{"embeddable":true,"href":"https:\/\/hygiebox.com.br\/es\/wp-json\/wp\/v2\/comments?post=3592"}],"version-history":[{"count":0,"href":"https:\/\/hygiebox.com.br\/es\/wp-json\/wp\/v2\/pages\/3592\/revisions"}],"wp:attachment":[{"href":"https:\/\/hygiebox.com.br\/es\/wp-json\/wp\/v2\/media?parent=3592"}],"curies":[{"name":"wp","href":"https:\/\/api.w.org\/{rel}","templated":true}]}}