{"id":3106,"date":"2025-12-14T01:56:55","date_gmt":"2025-12-14T04:56:55","guid":{"rendered":"https:\/\/hygiebox.com.br\/?page_id=3106"},"modified":"2026-02-25T02:54:20","modified_gmt":"2026-02-25T05:54:20","slug":"hygiebox-easy","status":"publish","type":"page","link":"https:\/\/hygiebox.com.br\/en\/hygiebox-easy\/","title":{"rendered":"Hygie Box Easy"},"content":{"rendered":"<div data-elementor-type=\"wp-page\" data-elementor-id=\"3106\" class=\"elementor elementor-3106\" data-elementor-settings=\"{&quot;ha_cmc_init_switcher&quot;:&quot;no&quot;,&quot;element_pack_global_tooltip_width&quot;:{&quot;unit&quot;:&quot;px&quot;,&quot;size&quot;:&quot;&quot;,&quot;sizes&quot;:[]},&quot;element_pack_global_tooltip_width_tablet&quot;:{&quot;unit&quot;:&quot;px&quot;,&quot;size&quot;:&quot;&quot;,&quot;sizes&quot;:[]},&quot;element_pack_global_tooltip_width_mobile&quot;:{&quot;unit&quot;:&quot;px&quot;,&quot;size&quot;:&quot;&quot;,&quot;sizes&quot;:[]},&quot;element_pack_global_tooltip_padding&quot;:{&quot;unit&quot;:&quot;px&quot;,&quot;top&quot;:&quot;&quot;,&quot;right&quot;:&quot;&quot;,&quot;bottom&quot;:&quot;&quot;,&quot;left&quot;:&quot;&quot;,&quot;isLinked&quot;:true},&quot;element_pack_global_tooltip_padding_tablet&quot;:{&quot;unit&quot;:&quot;px&quot;,&quot;top&quot;:&quot;&quot;,&quot;right&quot;:&quot;&quot;,&quot;bottom&quot;:&quot;&quot;,&quot;left&quot;:&quot;&quot;,&quot;isLinked&quot;:true},&quot;element_pack_global_tooltip_padding_mobile&quot;:{&quot;unit&quot;:&quot;px&quot;,&quot;top&quot;:&quot;&quot;,&quot;right&quot;:&quot;&quot;,&quot;bottom&quot;:&quot;&quot;,&quot;left&quot;:&quot;&quot;,&quot;isLinked&quot;:true},&quot;element_pack_global_tooltip_border_radius&quot;:{&quot;unit&quot;:&quot;px&quot;,&quot;top&quot;:&quot;&quot;,&quot;right&quot;:&quot;&quot;,&quot;bottom&quot;:&quot;&quot;,&quot;left&quot;:&quot;&quot;,&quot;isLinked&quot;:true},&quot;element_pack_global_tooltip_border_radius_tablet&quot;:{&quot;unit&quot;:&quot;px&quot;,&quot;top&quot;:&quot;&quot;,&quot;right&quot;:&quot;&quot;,&quot;bottom&quot;:&quot;&quot;,&quot;left&quot;:&quot;&quot;,&quot;isLinked&quot;:true},&quot;element_pack_global_tooltip_border_radius_mobile&quot;:{&quot;unit&quot;:&quot;px&quot;,&quot;top&quot;:&quot;&quot;,&quot;right&quot;:&quot;&quot;,&quot;bottom&quot;:&quot;&quot;,&quot;left&quot;:&quot;&quot;,&quot;isLinked&quot;:true}}\" data-elementor-post-type=\"page\">\n\t\t\t\t\t\t<section class=\"elementor-section elementor-top-section elementor-element elementor-element-fea3ffc elementor-section-boxed elementor-section-height-default elementor-section-height-default\" data-id=\"fea3ffc\" data-element_type=\"section\" data-settings=\"{&quot;background_background&quot;:&quot;classic&quot;,&quot;_ha_eqh_enable&quot;:false}\">\n\t\t\t\t\t\t<div class=\"elementor-container elementor-column-gap-default\">\n\t\t\t\t\t<div class=\"elementor-column elementor-col-100 elementor-top-column elementor-element elementor-element-0ee2fed\" data-id=\"0ee2fed\" data-element_type=\"column\">\n\t\t\t<div class=\"elementor-widget-wrap elementor-element-populated\">\n\t\t\t\t\t\t<div class=\"elementor-element elementor-element-53040f2 elementor-widget elementor-widget-image\" data-id=\"53040f2\" data-element_type=\"widget\" data-widget_type=\"image.default\">\n\t\t\t\t\t\t\t\t\t\t\t\t\t\t\t<img fetchpriority=\"high\" decoding=\"async\" width=\"1024\" height=\"378\" src=\"https:\/\/hygiebox.com.br\/wp-content\/uploads\/2026\/01\/wasy-1024x378.png\" class=\"attachment-large size-large wp-image-4372\" alt=\"\" srcset=\"https:\/\/hygiebox.com.br\/wp-content\/uploads\/2026\/01\/wasy-1024x378.png 1024w, https:\/\/hygiebox.com.br\/wp-content\/uploads\/2026\/01\/wasy-300x111.png 300w, https:\/\/hygiebox.com.br\/wp-content\/uploads\/2026\/01\/wasy-768x283.png 768w, https:\/\/hygiebox.com.br\/wp-content\/uploads\/2026\/01\/wasy.png 1176w\" sizes=\"(max-width: 1024px) 100vw, 1024px\" \/>\t\t\t\t\t\t\t\t\t\t\t\t\t\t\t<\/div>\n\t\t\t\t<div class=\"elementor-element elementor-element-7615974 elementor-widget elementor-widget-spacer\" data-id=\"7615974\" data-element_type=\"widget\" data-widget_type=\"spacer.default\">\n\t\t\t\t\t\t\t<div class=\"elementor-spacer\">\n\t\t\t<div class=\"elementor-spacer-inner\"><\/div>\n\t\t<\/div>\n\t\t\t\t\t\t<\/div>\n\t\t\t\t\t<\/div>\n\t\t<\/div>\n\t\t\t\t\t<\/div>\n\t\t<\/section>\n\t\t\t\t<section class=\"elementor-section elementor-top-section elementor-element elementor-element-fd87cf8 elementor-section-boxed elementor-section-height-default elementor-section-height-default\" data-id=\"fd87cf8\" data-element_type=\"section\" id=\"easy\" data-settings=\"{&quot;background_background&quot;:&quot;classic&quot;,&quot;shape_divider_top&quot;:&quot;multi-wave&quot;,&quot;_ha_eqh_enable&quot;:false}\">\n\t\t\t\t\t<div class=\"elementor-shape elementor-shape-top\" aria-hidden=\"true\" data-negative=\"false\">\n\t\t\t<svg xmlns=\"http:\/\/www.w3.org\/2000\/svg\" viewbox=\"0 0 4080 400\" preserveaspectratio=\"none\">\r\n<path class=\"elementor-shape-fill ha-shape-divider\" opacity=\"0.2\" enable-background=\"new    \" d=\"M4080,79.3V0L1179.4,0v79.3c0,0,694.9,437.4,1471.3,275.6\tS3575.7-152.5,4080,79.3z\"\/>\r\n<path class=\"elementor-shape-fill ha-shape-divider\" opacity=\"0.2\" enable-background=\"new    \" d=\"M2249,79.3V0L0,0l0,79.3c0,0,43.3,437.4,819.8,275.6S1744.7-152.5,2249,79.3z\"\/>\r\n<path class=\"elementor-shape-fill ha-shape-divider\" opacity=\"0.2\" enable-background=\"new    \" d=\"M2631.6,49.8c0,0-596.3,547.3-1468.8,230.2S0,95.6,0,95.6L0,0l2631.6,0V49.8z\"\/>\r\n<path class=\"elementor-shape-fill ha-shape-divider\" opacity=\"0.2\" enable-background=\"new    \" d=\"M4080,95.6c0,0-428.4,501.5-1208.9,184.4S1831,95.6,1831,95.6V0l2249,0V95.6z\"\/>\r\n<path class=\"elementor-shape-fill ha-shape-divider\" d=\"M4080,0v192.6c-392.4,177-703.2,95.6-1075-34.1c-214.6-74.8-508-126-839.1,6.1c-149.2,59.5-447.2,203.4-1026.2,10.8\tC313.2-99.5,0,95.6,0,95.6L0,0l2249,0L4080,0z\"\/>\r\n<\/svg>\r\n\t\t<\/div>\n\t\t\t\t\t<div class=\"elementor-container elementor-column-gap-default\">\n\t\t\t\t\t<div class=\"elementor-column elementor-col-100 elementor-top-column elementor-element elementor-element-d064089\" data-id=\"d064089\" data-element_type=\"column\">\n\t\t\t<div class=\"elementor-widget-wrap elementor-element-populated\">\n\t\t\t\t\t\t<div class=\"elementor-element elementor-element-422df28 elementor-widget elementor-widget-heading\" data-id=\"422df28\" data-element_type=\"widget\" data-widget_type=\"heading.default\">\n\t\t\t\t\t<h2 class=\"elementor-heading-title elementor-size-default\">Assembly<\/h2>\t\t\t\t<\/div>\n\t\t\t\t<section class=\"elementor-section elementor-inner-section elementor-element elementor-element-f14af9e elementor-section-boxed elementor-section-height-default elementor-section-height-default\" data-id=\"f14af9e\" data-element_type=\"section\" data-settings=\"{&quot;_ha_eqh_enable&quot;:false}\">\n\t\t\t\t\t\t<div class=\"elementor-container elementor-column-gap-default\">\n\t\t\t\t\t<div class=\"elementor-column elementor-col-50 elementor-inner-column elementor-element elementor-element-ec963f1\" data-id=\"ec963f1\" data-element_type=\"column\">\n\t\t\t<div class=\"elementor-widget-wrap elementor-element-populated\">\n\t\t\t\t\t\t<div class=\"elementor-element elementor-element-63ac030 elementor-widget elementor-widget-image\" data-id=\"63ac030\" data-element_type=\"widget\" data-widget_type=\"image.default\">\n\t\t\t\t\t\t\t\t\t\t\t\t\t\t\t<img decoding=\"async\" width=\"373\" height=\"252\" src=\"https:\/\/hygiebox.com.br\/wp-content\/uploads\/2025\/12\/hb-easy.png\" class=\"attachment-large size-large wp-image-2402\" alt=\"\" srcset=\"https:\/\/hygiebox.com.br\/wp-content\/uploads\/2025\/12\/hb-easy.png 373w, https:\/\/hygiebox.com.br\/wp-content\/uploads\/2025\/12\/hb-easy-300x203.png 300w\" sizes=\"(max-width: 373px) 100vw, 373px\" \/>\t\t\t\t\t\t\t\t\t\t\t\t\t\t\t<\/div>\n\t\t\t\t\t<\/div>\n\t\t<\/div>\n\t\t\t\t<div class=\"elementor-column elementor-col-50 elementor-inner-column elementor-element elementor-element-d9ac846\" data-id=\"d9ac846\" data-element_type=\"column\">\n\t\t\t<div class=\"elementor-widget-wrap elementor-element-populated\">\n\t\t\t\t\t\t<div class=\"elementor-element elementor-element-682be82 elementor-widget elementor-widget-text-editor\" data-id=\"682be82\" data-element_type=\"widget\" data-widget_type=\"text-editor.default\">\n\t\t\t\t\t\t\t\t\t<p><img decoding=\"async\" class=\"alignleft wp-image-2886\" src=\"https:\/\/hygiebox.com.br\/wp-content\/uploads\/2025\/12\/1uno-300x271.png\" alt=\"\" width=\"66\" height=\"60\" srcset=\"https:\/\/hygiebox.com.br\/wp-content\/uploads\/2025\/12\/1uno-300x271.png 300w, https:\/\/hygiebox.com.br\/wp-content\/uploads\/2025\/12\/1uno.png 606w\" sizes=\"(max-width: 66px) 100vw, 66px\" \/>Place the green sieve (male pin) onto the pink tray (female slot).<\/p>\t\t\t\t\t\t\t\t<\/div>\n\t\t\t\t<div class=\"elementor-element elementor-element-f09b3b8 elementor-widget elementor-widget-text-editor\" data-id=\"f09b3b8\" data-element_type=\"widget\" data-widget_type=\"text-editor.default\">\n\t\t\t\t\t\t\t\t\t<p><img loading=\"lazy\" decoding=\"async\" class=\"alignleft wp-image-2887\" src=\"https:\/\/hygiebox.com.br\/wp-content\/uploads\/2025\/12\/2dos-300x271.png\" alt=\"\" width=\"70\" height=\"63\" srcset=\"https:\/\/hygiebox.com.br\/wp-content\/uploads\/2025\/12\/2dos-300x271.png 300w, https:\/\/hygiebox.com.br\/wp-content\/uploads\/2025\/12\/2dos.png 606w\" sizes=\"(max-width: 70px) 100vw, 70px\" \/>Fit the orange ring onto the top of the green sieve.<\/p>\t\t\t\t\t\t\t\t<\/div>\n\t\t\t\t\t<\/div>\n\t\t<\/div>\n\t\t\t\t\t<\/div>\n\t\t<\/section>\n\t\t\t\t<div class=\"elementor-element elementor-element-627e942 elementor-widget elementor-widget-spacer\" data-id=\"627e942\" data-element_type=\"widget\" data-widget_type=\"spacer.default\">\n\t\t\t\t\t\t\t<div class=\"elementor-spacer\">\n\t\t\t<div class=\"elementor-spacer-inner\"><\/div>\n\t\t<\/div>\n\t\t\t\t\t\t<\/div>\n\t\t\t\t<section class=\"elementor-section elementor-inner-section elementor-element elementor-element-cf82747 elementor-section-boxed elementor-section-height-default elementor-section-height-default\" data-id=\"cf82747\" data-element_type=\"section\" data-settings=\"{&quot;_ha_eqh_enable&quot;:false}\">\n\t\t\t\t\t\t<div class=\"elementor-container elementor-column-gap-default\">\n\t\t\t\t\t<div class=\"elementor-column elementor-col-50 elementor-inner-column elementor-element elementor-element-f4f4f0a\" data-id=\"f4f4f0a\" data-element_type=\"column\">\n\t\t\t<div class=\"elementor-widget-wrap elementor-element-populated\">\n\t\t\t\t\t\t<div class=\"elementor-element elementor-element-35dbdf7 elementor-widget elementor-widget-heading\" data-id=\"35dbdf7\" data-element_type=\"widget\" data-widget_type=\"heading.default\">\n\t\t\t\t\t<h2 class=\"elementor-heading-title elementor-size-default\">Filling<\/h2>\t\t\t\t<\/div>\n\t\t\t\t<div class=\"elementor-element elementor-element-2597a65 elementor-widget elementor-widget-text-editor\" data-id=\"2597a65\" data-element_type=\"widget\" data-widget_type=\"text-editor.default\">\n\t\t\t\t\t\t\t\t\t<p style=\"text-align: center;\">Add wood pellets until they reach approximately three fingers in height. Cattus recommends using 100% pine pellets.<\/p>\t\t\t\t\t\t\t\t<\/div>\n\t\t\t\t<div class=\"elementor-element elementor-element-a7d2126 elementor-widget elementor-widget-heading\" data-id=\"a7d2126\" data-element_type=\"widget\" data-widget_type=\"heading.default\">\n\t\t\t\t\t<h2 class=\"elementor-heading-title elementor-size-default\">Initial Setup <\/h2>\t\t\t\t<\/div>\n\t\t\t\t<div class=\"elementor-element elementor-element-97fa81b elementor-widget elementor-widget-text-editor\" data-id=\"97fa81b\" data-element_type=\"widget\" data-widget_type=\"text-editor.default\">\n\t\t\t\t\t\t\t\t\t<p class=\"font_8 wixui-rich-text__text\">1. Fill the Hygie Box Easy and place it next to the tray your cats are currently using.\u00a0<\/p><p class=\"font_8 wixui-rich-text__text\"><span class=\"wixGuard wixui-rich-text__text\">\u200b<\/span>2. Put a small amount of soiled material from the old tray on top of the clean pellets in the Hygie Box. This helps the cats recognize the new litter box and start using it quickly.\u00a0<\/p><p class=\"font_8 wixui-rich-text__text\"><span class=\"wixGuard wixui-rich-text__text\">\u200b<\/span>3. If you notice any resistance to the change, place the tray they are used to inside the Hygie Box sieve for 2 to 3 days.\u00a0<\/p><p class=\"font_8 wixui-rich-text__text\"><span class=\"wixGuard wixui-rich-text__text\">\u200b<\/span>4. Remove the old tray once the cats have adopted the Hygie Box Easy as their new litter box.<\/p>\t\t\t\t\t\t\t\t<\/div>\n\t\t\t\t\t<\/div>\n\t\t<\/div>\n\t\t\t\t<div class=\"elementor-column elementor-col-50 elementor-inner-column elementor-element elementor-element-f1af976\" data-id=\"f1af976\" data-element_type=\"column\">\n\t\t\t<div class=\"elementor-widget-wrap elementor-element-populated\">\n\t\t\t\t\t\t<div class=\"elementor-element elementor-element-fc22fcd elementor-widget elementor-widget-heading\" data-id=\"fc22fcd\" data-element_type=\"widget\" data-widget_type=\"heading.default\">\n\t\t\t\t\t<h2 class=\"elementor-heading-title elementor-size-default\">Maintenance<\/h2>\t\t\t\t<\/div>\n\t\t\t\t<div class=\"elementor-element elementor-element-6b21f7a elementor-widget elementor-widget-text-editor\" data-id=\"6b21f7a\" data-element_type=\"widget\" data-widget_type=\"text-editor.default\">\n\t\t\t\t\t\t\t\t\t<p class=\"font_8 wixui-rich-text__text\">1. Remove feces with a scoop and dispose of them in the toilet.<\/p><p class=\"font_8 wixui-rich-text__text translation-block\"><span class=\"wixGuard wixui-rich-text__text\"><\/span>2. Check the tray daily and remove the urine-soaked sawdust whenever necessary.<\/p><p class=\"font_8 wixui-rich-text__text\"><span class=\"wixGuard wixui-rich-text__text\">\u200b<\/span>3. For daily care, wash the parts using water only. Weekly, or when necessary, use a neutral\/mild product for more thorough cleaning.<\/p><p class=\"font_8 wixui-rich-text__text\"><span class=\"wixGuard wixui-rich-text__text\">\u200b<\/span>4. Refill the pellets, maintaining a layer of at least two fingers over the sieve screen.<\/p>\t\t\t\t\t\t\t\t<\/div>\n\t\t\t\t\t<\/div>\n\t\t<\/div>\n\t\t\t\t\t<\/div>\n\t\t<\/section>\n\t\t\t\t<section class=\"elementor-section elementor-inner-section elementor-element elementor-element-5ee674c elementor-section-boxed elementor-section-height-default elementor-section-height-default\" data-id=\"5ee674c\" data-element_type=\"section\" data-settings=\"{&quot;_ha_eqh_enable&quot;:false}\">\n\t\t\t\t\t\t<div class=\"elementor-container elementor-column-gap-default\">\n\t\t\t\t\t<div class=\"elementor-column elementor-col-100 elementor-inner-column elementor-element elementor-element-879ac8e\" data-id=\"879ac8e\" data-element_type=\"column\">\n\t\t\t<div class=\"elementor-widget-wrap elementor-element-populated\">\n\t\t\t\t\t\t<div class=\"elementor-element elementor-element-72ffab7 elementor-icon-list--layout-traditional elementor-list-item-link-full_width elementor-widget elementor-widget-icon-list\" data-id=\"72ffab7\" data-element_type=\"widget\" data-widget_type=\"icon-list.default\">\n\t\t\t\t\t\t\t<ul class=\"elementor-icon-list-items\">\n\t\t\t\t\t\t\t<li class=\"elementor-icon-list-item\">\n\t\t\t\t\t\t\t\t\t\t\t<span class=\"elementor-icon-list-icon\">\n\t\t\t\t\t\t\t<svg xmlns=\"http:\/\/www.w3.org\/2000\/svg\" id=\"Capa_1\" viewbox=\"0 0 500 500\"><defs><style>      .st0 {        fill: #e4620e;      }      .st1 {        fill: #f5d400;      }    <\/style><\/defs><path class=\"st1\" d=\"M495.17,250.09c0,135.41-109.77,245.17-245.17,245.17S4.83,385.49,4.83,250.09,114.6,4.92,250,4.92s245.17,109.77,245.17,245.17\"><\/path><path class=\"st0\" d=\"M274.47,355.84c.88-.5,1.82-.88,2.8-1.14,5.83-1.54,11.71-2.94,17.59-4.32,10.05-2.38,19.55-4.62,28.85-7.63,20.35-6.57,33.37-16.69,40.98-31.86,1.88-3.74,2.71-6.96,2.62-10.14-.01-.43,0-.86.03-1.28.09-1.09.29-3.64-4.78-7.69-15.25-12.16-23.99-27.39-27.5-47.95-4.83-28.23-26.43-47.64-46.93-62.9-11.11-8.27-17.08-18.28-18.77-31.5-.88-6.89-2.61-13.81-4.44-21.14l-.19-.76c-26.57,18.48-47.74,38.73-64.68,61.82-1.34,1.82-2.66,3.66-3.98,5.51-5.23,7.28-10.63,14.8-17.14,21.61-4.19,5.6-28.25,35.13-73.48,41.66-45.34,6.55-73.74,4.07-74.93,3.96-1.38-.13-2.65-.53-3.84-1.08,4.87,104.27,81.47,189.74,181.57,208.3,5.31-12.15,12.87-31.34,17.37-51.14,8.91-39.19,47.24-61.41,48.86-62.34M307.98,241.44c6.86,0,12.43,5.57,12.43,12.43s-5.57,12.43-12.43,12.43-12.43-5.57-12.43-12.43,5.56-12.43,12.43-12.43\"><\/path><path class=\"st0\" d=\"M249.06,27.8c-119.42,0-216.87,94.03-222.39,212.08,1.81-.84,3.84-1.27,5.97-1.07.25.02,27.09,2.3,69.45-3.82,38.57-5.57,57.5-31.67,58.29-32.78.35-.49.77-1,1.19-1.43,5.56-5.72,10.39-12.44,15.5-19.56,1.37-1.9,2.74-3.81,4.12-5.69,19.15-26.12,43.14-48.8,73.32-69.35,2.71-1.84,10.95-7.44,20-3.97,5.92,2.28,9.95,7.6,11.95,15.82l1.14,4.59c1.91,7.66,3.89,15.58,4.95,23.83.89,6.94,3.48,11.2,9.54,15.71,24.21,18.03,49.79,41.36,56.01,77.71,2.56,14.96,8.25,25.02,19.03,33.61,2.23,1.78,4.11,3.59,5.7,5.4,1.29-.48,2.67-.78,4.12-.78,6.52,0,11.81,5.29,11.81,11.81,0,5.21-3.4,9.59-8.09,11.15.03,6.75-1.62,13.4-5.08,20.29-10.46,20.86-28.35,35.13-54.7,43.63-10.19,3.29-20.59,5.75-30.65,8.13-5.13,1.21-10.26,2.42-15.35,3.75-5.7,3.62-30.61,20.71-36.47,46.48-4.21,18.51-10.69,36.15-16.06,49.07,5.52.41,11.08.69,16.71.69,122.97,0,222.66-99.69,222.66-222.66S372.03,27.8,249.06,27.8\"><\/path><\/svg>\t\t\t\t\t\t<\/span>\n\t\t\t\t\t\t\t\t\t\t<span class=\"elementor-icon-list-text\">Cat Owner Tips<\/span>\n\t\t\t\t\t\t\t\t\t<\/li>\n\t\t\t\t\t\t<\/ul>\n\t\t\t\t\t\t<\/div>\n\t\t\t\t<div class=\"elementor-element elementor-element-d5e100e elementor-widget elementor-widget-ucaddon_box_testimonial\" data-id=\"d5e100e\" data-element_type=\"widget\" data-widget_type=\"ucaddon_box_testimonial.default\">\n\t\t\t\t<div class=\"elementor-widget-container\">\n\t\t\t\t\t\n<!-- start Testimonial Box -->\n\t\t<link id='font-awesome-css' href='https:\/\/hygiebox.com.br\/wp-content\/plugins\/unlimited-elements-for-elementor-premium\/assets_libraries\/font-awesome6\/fontawesome-all.min.css' type='text\/css' rel='stylesheet' >\n\t\t<link id='font-awesome-4-shim-css' href='https:\/\/hygiebox.com.br\/wp-content\/plugins\/unlimited-elements-for-elementor-premium\/assets_libraries\/font-awesome6\/fontawesome-v4-shims.min.css' type='text\/css' rel='stylesheet' >\n\n<style>\/* widget: Testimonial Box *\/\n\n#uc_box_testimonial_elementor_d5e100e * {\n\tbox-sizing: border-box;\n}\n\n#uc_box_testimonial_elementor_d5e100e \n{\n  display:flex;\n}\n\n#uc_box_testimonial_elementor_d5e100e .ue-credentials\n{\n  display:inline-flex;\n  align-items:center;\n}\n#uc_box_testimonial_elementor_d5e100e .ue-credentials-spacing\n{\n  flex-grow:0;\n  flex-shrink:0;\n}\n\n#uc_box_testimonial_elementor_d5e100e .ue-image img\n{\n  width:100%;\n  object-fit: cover;\n}\n\n#uc_box_testimonial_elementor_d5e100e .ue-image-spacing\n{\n  flex-grow:0;\n  flex-shrink:0;\n}\n\n#uc_box_testimonial_elementor_d5e100e .ue-pointer-container\n{\n  display:flex;\n}\n\n#uc_box_testimonial_elementor_d5e100e .ue-pointer\n{\n  flex-grow:0;\n  flex-shrink:0;\n  display:inline-flex;\n}\n\n<\/style>\n\n<div class=\"ue-testimonial-box\" id=\"uc_box_testimonial_elementor_d5e100e\">\n\t<div class=\"ue-testimonial-text\">\n    \t<div class=\"ue-text\">We should respect cats\u2019 adaptation time to changes. If you notice any initial resistance, be patient until the adaptation is complete. It\u2019s worth it after all, using wood pellets with the Hygie Box Easy is an exceptional solution for your cats\u2019 health, complete odor elimination, the environment, and your wallet. Avoid exposing the Hygie Box Easy to direct sunlight, and do not use chlorinated, corrosive, or abrasive cleaning products.<\/div>\n    <\/div>\n  \n    <div class=\"ue-pointer-container\">\n    <div class=\"ue-pointer\"><\/div>\n    <\/div>\n  \n    <div class=\"ue-credentials-spacing\"><\/div>\n    <div class=\"ue-credentials-container\">\n    <div class=\"ue-credentials\">\n    \t<div class=\"ue-image\"><img loading=\"lazy\" decoding=\"async\" src=\"https:\/\/hygiebox.com.br\/wp-content\/uploads\/2026\/01\/transparente.png\"  alt=\"transparente\" width=\"500\" height=\"500\"><\/div>\n        <div class=\"ue-image-spacing\"><\/div>\n        <div class=\"ue-details\">\n          <div class=\"ue-title\"><\/div>\n          <div class=\"ue-subtitle\"><\/div>\n        <\/div>\n    <\/div>\n    <\/div>\n<\/div>\n<!-- end Testimonial Box -->\t\t\t\t<\/div>\n\t\t\t\t<\/div>\n\t\t\t\t\t<\/div>\n\t\t<\/div>\n\t\t\t\t\t<\/div>\n\t\t<\/section>\n\t\t\t\t<section class=\"elementor-section elementor-inner-section elementor-element elementor-element-3cee5eb elementor-section-boxed elementor-section-height-default elementor-section-height-default\" data-id=\"3cee5eb\" data-element_type=\"section\" data-settings=\"{&quot;_ha_eqh_enable&quot;:false}\">\n\t\t\t\t\t\t<div class=\"elementor-container elementor-column-gap-default\">\n\t\t\t\t\t<div class=\"elementor-column elementor-col-50 elementor-inner-column elementor-element elementor-element-2a68f4d\" data-id=\"2a68f4d\" data-element_type=\"column\">\n\t\t\t<div class=\"elementor-widget-wrap elementor-element-populated\">\n\t\t\t\t\t\t<div class=\"elementor-element elementor-element-0367b02 elementor-widget elementor-widget-shortcode\" data-id=\"0367b02\" data-element_type=\"widget\" data-widget_type=\"shortcode.default\">\n\t\t\t\t\t\t\t<div class=\"elementor-shortcode\">\n\n\n\n\n<iframe width=\"560\" height=\"540\"\nsrc=\"https:\/\/www.youtube.com\/embed\/kdmxk15_h1Q\"\ntitle=\"V\u00eddeo PT\" frameborder=\"0\" allowfullscreen><\/iframe>\n\n\n\n<\/div>\n\t\t\t\t\t\t<\/div>\n\t\t\t\t\t<\/div>\n\t\t<\/div>\n\t\t\t\t<div class=\"elementor-column elementor-col-50 elementor-inner-column elementor-element elementor-element-9f08656\" data-id=\"9f08656\" data-element_type=\"column\">\n\t\t\t<div class=\"elementor-widget-wrap elementor-element-populated\">\n\t\t\t\t\t\t<div class=\"elementor-element elementor-element-926fe61 elementor-widget elementor-widget-shortcode\" data-id=\"926fe61\" data-element_type=\"widget\" data-widget_type=\"shortcode.default\">\n\t\t\t\t\t\t\t<div class=\"elementor-shortcode\">\n\n\n\n\n<iframe width=\"560\" height=\"540\"\nsrc=\"https:\/\/www.youtube.com\/embed\/Jzosv6rNStA\"\ntitle=\"V\u00eddeo PT\" frameborder=\"0\" allowfullscreen><\/iframe>\n\n\n<\/div>\n\t\t\t\t\t\t<\/div>\n\t\t\t\t\t<\/div>\n\t\t<\/div>\n\t\t\t\t\t<\/div>\n\t\t<\/section>\n\t\t\t\t\t<\/div>\n\t\t<\/div>\n\t\t\t\t\t<\/div>\n\t\t<\/section>\n\t\t\t\t<section class=\"elementor-section elementor-top-section elementor-element elementor-element-a1dd6e0 elementor-section-boxed elementor-section-height-default elementor-section-height-default\" data-id=\"a1dd6e0\" data-element_type=\"section\" data-settings=\"{&quot;_ha_eqh_enable&quot;:false}\">\n\t\t\t\t\t\t<div class=\"elementor-container elementor-column-gap-default\">\n\t\t\t\t\t<div class=\"elementor-column elementor-col-100 elementor-top-column elementor-element elementor-element-985552c\" data-id=\"985552c\" data-element_type=\"column\">\n\t\t\t<div class=\"elementor-widget-wrap elementor-element-populated\">\n\t\t\t\t\t\t<section class=\"elementor-section elementor-inner-section elementor-element elementor-element-da576a7 elementor-section-boxed elementor-section-height-default elementor-section-height-default\" data-id=\"da576a7\" data-element_type=\"section\" data-settings=\"{&quot;_ha_eqh_enable&quot;:false}\">\n\t\t\t\t\t\t<div class=\"elementor-container elementor-column-gap-default\">\n\t\t\t\t\t<div class=\"elementor-column elementor-col-100 elementor-inner-column elementor-element elementor-element-cbfc387\" data-id=\"cbfc387\" data-element_type=\"column\">\n\t\t\t<div class=\"elementor-widget-wrap elementor-element-populated\">\n\t\t\t\t\t\t<div class=\"elementor-element elementor-element-76fd0ae elementor-align-center elementor-widget elementor-widget-button\" data-id=\"76fd0ae\" data-element_type=\"widget\" data-widget_type=\"button.default\">\n\t\t\t\t\t\t\t\t\t\t<a class=\"elementor-button elementor-button-link elementor-size-sm\" href=\"mailto:gateiro@cattuspet.com.br\" target=\"_blank\">\n\t\t\t\t\t\t<span class=\"elementor-button-content-wrapper\">\n\t\t\t\t\t\t\t\t\t<span class=\"elementor-button-text\">Buy Hygie Box<\/span>\n\t\t\t\t\t<\/span>\n\t\t\t\t\t<\/a>\n\t\t\t\t\t\t\t\t<\/div>\n\t\t\t\t\t<\/div>\n\t\t<\/div>\n\t\t\t\t\t<\/div>\n\t\t<\/section>\n\t\t\t\t<section class=\"elementor-section elementor-inner-section elementor-element elementor-element-6b6c6b4 elementor-section-boxed elementor-section-height-default elementor-section-height-default\" data-id=\"6b6c6b4\" data-element_type=\"section\" data-settings=\"{&quot;_ha_eqh_enable&quot;:false}\">\n\t\t\t\t\t\t<div class=\"elementor-container elementor-column-gap-default\">\n\t\t\t\t\t<div class=\"elementor-column elementor-col-100 elementor-inner-column elementor-element elementor-element-15b0f5e\" data-id=\"15b0f5e\" data-element_type=\"column\">\n\t\t\t<div class=\"elementor-widget-wrap elementor-element-populated\">\n\t\t\t\t\t\t<div class=\"elementor-element elementor-element-9087a38 elementor-hidden-desktop elementor-widget elementor-widget-image\" data-id=\"9087a38\" data-element_type=\"widget\" data-widget_type=\"image.default\">\n\t\t\t\t\t\t\t\t\t\t\t\t\t\t\t<img loading=\"lazy\" decoding=\"async\" width=\"1024\" height=\"329\" src=\"https:\/\/hygiebox.com.br\/wp-content\/uploads\/2025\/12\/circulos-1024x329.png\" class=\"attachment-large size-large wp-image-2974\" alt=\"\" srcset=\"https:\/\/hygiebox.com.br\/wp-content\/uploads\/2025\/12\/circulos-1024x329.png 1024w, https:\/\/hygiebox.com.br\/wp-content\/uploads\/2025\/12\/circulos-300x97.png 300w, https:\/\/hygiebox.com.br\/wp-content\/uploads\/2025\/12\/circulos-768x247.png 768w, https:\/\/hygiebox.com.br\/wp-content\/uploads\/2025\/12\/circulos-1536x494.png 1536w, https:\/\/hygiebox.com.br\/wp-content\/uploads\/2025\/12\/circulos.png 1669w\" sizes=\"(max-width: 1024px) 100vw, 1024px\" \/>\t\t\t\t\t\t\t\t\t\t\t\t\t\t\t<\/div>\n\t\t\t\t\t<\/div>\n\t\t<\/div>\n\t\t\t\t\t<\/div>\n\t\t<\/section>\n\t\t\t\t\t<\/div>\n\t\t<\/div>\n\t\t\t\t\t<\/div>\n\t\t<\/section>\n\t\t\t\t<\/div>","protected":false},"excerpt":{"rendered":"<p>Montagem Coloque a peneira verde (pino macho) sobre a bandeja rosa (encaixe f\u00eamea). Encaixe o anel laranja na parte superior da peneira verde. Abastecimento Adicione os granulados de madeira at\u00e9 atingir aproximadamente tr\u00eas dedos de altura. A Cattus recomenda o uso de granulado 100% pinus. Procedimentos Iniciais 1. Abaste\u00e7a o Hygie Box Easy e coloque-o [&hellip;]<\/p>","protected":false},"author":2,"featured_media":0,"parent":0,"menu_order":0,"comment_status":"closed","ping_status":"closed","template":"elementor_header_footer","meta":{"footnotes":""},"class_list":["post-3106","page","type-page","status-publish","hentry"],"_links":{"self":[{"href":"https:\/\/hygiebox.com.br\/en\/wp-json\/wp\/v2\/pages\/3106","targetHints":{"allow":["GET"]}}],"collection":[{"href":"https:\/\/hygiebox.com.br\/en\/wp-json\/wp\/v2\/pages"}],"about":[{"href":"https:\/\/hygiebox.com.br\/en\/wp-json\/wp\/v2\/types\/page"}],"author":[{"embeddable":true,"href":"https:\/\/hygiebox.com.br\/en\/wp-json\/wp\/v2\/users\/2"}],"replies":[{"embeddable":true,"href":"https:\/\/hygiebox.com.br\/en\/wp-json\/wp\/v2\/comments?post=3106"}],"version-history":[{"count":0,"href":"https:\/\/hygiebox.com.br\/en\/wp-json\/wp\/v2\/pages\/3106\/revisions"}],"wp:attachment":[{"href":"https:\/\/hygiebox.com.br\/en\/wp-json\/wp\/v2\/media?parent=3106"}],"curies":[{"name":"wp","href":"https:\/\/api.w.org\/{rel}","templated":true}]}}